{"id":9,"date":"2019-08-05T12:55:28","date_gmt":"2019-08-05T12:55:28","guid":{"rendered":"http:\/\/www.heizoel-sommer.de\/?page_id=9"},"modified":"2020-03-01T12:32:55","modified_gmt":"2020-03-01T12:32:55","slug":"startseite","status":"publish","type":"page","link":"https:\/\/www.heizoel-sommer.de\/","title":{"rendered":"Startseite"},"content":{"rendered":"<div class=\"wpb-content-wrapper\"><p>[vc_section][vc_row][vc_column width=&#8220;1\/3&#8243;]<div class=\"wpb_content_element \"><div id=\"utbx_o_69d1b6901fffa\" class=\"ut-service-icon-box  clearfix  ut-service-icon-box-center\"><style type=\"text\/css\">#utbx_69d1b6901fff7 { background:#495056; }#utbx_69d1b6901fff7:hover { background: #ffc300; } #utbx_69d1b6901fff7:after { box-shadow: 0 0 0 4px #ffc300; } #utbx_o_69d1b6901fffa h3 { color:#333333 !important; }#utbx_69d1b6901fff7 { color:#ffffff; }#utbx_69d1b6901fff7:hover { color: #495056; } <\/style><div class=\"ut-highlight-icon-wrap ut-highlight-icon-effect\"><a id=\"utbx_69d1b6901fff7\" data-id=\"utbx_69d1b6901fff7\" data-hovercolor=\"#ffc300\"   class=\"ut-highlight-icon fa fa-fire\" href=\"\/index.php\/leistungen\/\" target=\"_self\"><\/a><\/div><div class=\"ut-service-icon-box-content\"><h3>Heiz\u00f6l<\/h3><p><\/p><\/div><\/div><\/div>[\/vc_column][vc_column width=&#8220;1\/3&#8243;]<div class=\"wpb_content_element \"><div id=\"utbx_o_69d1b690200d2\" class=\"ut-service-icon-box  clearfix  ut-service-icon-box-center\"><style type=\"text\/css\">#utbx_69d1b690200d0 { background:#495056; }#utbx_69d1b690200d0:hover { background: #ffc300; } #utbx_69d1b690200d0:after { box-shadow: 0 0 0 4px #ffc300; } #utbx_o_69d1b690200d2 h3 { color:#333333 !important; }#utbx_69d1b690200d0 { color:#ffffff; }#utbx_69d1b690200d0:hover { color: #495056; } <\/style><div class=\"ut-highlight-icon-wrap ut-highlight-icon-effect\"><a id=\"utbx_69d1b690200d0\" data-id=\"utbx_69d1b690200d0\" data-hovercolor=\"#ffc300\"   class=\"ut-highlight-icon fa fa-tint\" href=\"\/index.php\/diesel\/\" target=\"_self\"><\/a><\/div><div class=\"ut-service-icon-box-content\"><h3>Diesel<\/h3><p><\/p><\/div><\/div><\/div>[\/vc_column][vc_column width=&#8220;1\/3&#8243;]<div class=\"wpb_content_element \"><div id=\"utbx_o_69d1b69020115\" class=\"ut-service-icon-box  clearfix  ut-service-icon-box-center\"><style type=\"text\/css\">#utbx_69d1b69020114 { background:#495056; }#utbx_69d1b69020114:hover { background: #ffc300; } #utbx_69d1b69020114:after { box-shadow: 0 0 0 4px #ffc300; } #utbx_o_69d1b69020115 h3 { color:#333333 !important; }#utbx_69d1b69020114 { color:#ffffff; }#utbx_69d1b69020114:hover { color: #495056; } <\/style><div class=\"ut-highlight-icon-wrap ut-highlight-icon-effect\"><a id=\"utbx_69d1b69020114\" data-id=\"utbx_69d1b69020114\" data-hovercolor=\"#ffc300\"   class=\"ut-highlight-icon fa fa-free-code-camp\" href=\"\/index.php\/tankreinigung\" target=\"_self\"><\/a><\/div><div class=\"ut-service-icon-box-content\"><h3>Tankreinigung<\/h3><p><\/p><\/div><\/div><\/div>[\/vc_column][\/vc_row][\/vc_section][vc_section css=&#8220;.vc_custom_1565011386133{border-top-width: 2px !important;border-bottom-width: 2px !important;border-top-color: #ffc300 !important;border-top-style: solid !important;border-bottom-color: #ffc300 !important;border-bottom-style: solid !important;}&#8220;][vc_row][vc_column][vc_empty_space el_id=&#8220;heizoelpartner&#8220;]<div class=\"wpb_content_element \"><style type=\"text\/css\"><\/style><header id=\"ut_header_69d1b6902055b\" class=\"section-header  ut-no-title-linebreak-mobile ut-no-lead-linebreak-mobile pt-style-2 header-left header-tablet-left header-mobile-center\"><h2 data-title=\"Ihr Heiz\u00f6l Partner\"  data-responsive-font=\"section_title\" class=\"section-title  \"><span>Ihr Heiz\u00f6l Partner<\/span><\/h2><\/header><\/div>[vc_column_text]<\/p>\n<p style=\"text-align: justify;\"><span style=\"font-size: 11.0pt; font-family: 'Verdana','sans-serif';\"><img loading=\"lazy\" decoding=\"async\" class=\" wp-image-23 alignright\" src=\"http:\/\/www.heizoel-sommer.de\/wp-content\/uploads\/2019\/08\/Sommer-Logo-Kopie.png\" alt=\"\" width=\"363\" height=\"173\" \/>Unserer Firmenphilosophie, Heiz\u00f6l g\u00fcnstig und schnell in bew\u00e4hrter Markenqualit\u00e4t auszuliefern, sind wir uns immer treu geblieben. Wir liefern alle g\u00e4ngigen Heiz\u00f6l Qualit\u00e4ten in DIN Norm in Raum Kreis D\u00fcren, Aachen und Heinsberg aus. Kundenw\u00fcnsche wie Wunschliefertermine, flexible Bezahlung, kleine Tankfahrzeuge oder extra Schlauchl\u00e4ngen im Falle eingeschr\u00e4nkter Erreichbarkeiten des Bef\u00fcllstutzen werden selbstverst\u00e4ndlich gerne ber\u00fccksichtigt! <\/span><\/p>\n<p style=\"text-align: justify;\"><span style=\"font-size: 11.0pt; font-family: 'Verdana','sans-serif';\">Aufgrund unserer nachhaltigen Firmenpolitik ist es uns in all den Jahren gelungen, durch Kompetenz, Weitsicht und einem ausgezeichneten Preis- Leistungsverh\u00e4ltnis unseren Kundenstamm stetig auszubauen. Um diesen Ma\u00dfst\u00e4ben treu zu bleiben, haben wir uns dazu entschlossen, f\u00fcr die Zukunft das Medium Internet in unser Handeln mit einzubeziehen, da dieses besonders in den kommenden Jahren auch f\u00fcr den Vertrieb f\u00fcr Heiz\u00f6l an Bedeutung gewinnen wird. Bei Fragen zum aktuellen Preis, Energieberatung oder Fragen rund um das Produkt Heiz\u00f6l stehen wir Ihnen gerne mit Rat und Tat zur Verf\u00fcgung.\u00a0 <\/span><\/p>\n<p>[\/vc_column_text][\/vc_column][\/vc_row][\/vc_section][vc_section bklyn_overlay=&#8220;true&#8220; parallax=&#8220;content-moving&#8220; css=&#8220;.vc_custom_1565168975285{background-image: url(http:\/\/www.heizoel-sommer.de\/wp-content\/uploads\/2019\/08\/sommer_winter_ware.jpg?id=45) !important;}&#8220; bklyn_overlay_color=&#8220;rgba(0, 0, 0, 0.35)&#8220;][vc_row][vc_column][vc_empty_space el_id=&#8220;sommerwinter&#8220;]<div class=\"wpb_content_element \"><style type=\"text\/css\">#ut_header_69d1b6902589a h2.section-title, #ut_header_69d1b6902589a h2.section-title span { color:#ffffff; }#ut_header_69d1b6902589a.pt-style-2 .page-title span:after, #ut_header_69d1b6902589a.pt-style-2 .parallax-title span:after, #ut_header_69d1b6902589a.pt-style-2 .section-title span:after { background-color:#ffffff !important;}<\/style><header id=\"ut_header_69d1b6902589a\" class=\"section-header  ut-no-title-linebreak-mobile ut-no-lead-linebreak-mobile pt-style-2 header-left header-tablet-left header-mobile-center\"><h2 data-title=\"Sommer-\/ Winterware\"  data-responsive-font=\"section_title\" class=\"section-title  \"><span>Sommer-\/ Winterware<\/span><\/h2><\/header><\/div>[\/vc_column][\/vc_row][vc_row][vc_column width=&#8220;1\/2&#8243;][vc_column_text]<span style=\"color: #ffffff;\">Seit 1998 wird in Deutschland beim Heiz\u00f6l nicht mehr zwischen Sommer- und Winterware differenziert, sodass ganzj\u00e4hrig Winterware geliefert wird. Laut DIN Norm werden dabei gewisse Mindestk\u00e4lteeigenschaften vorgeschrieben.<\/span><\/p>\n<p><span style=\"color: #ffffff;\">Die K\u00e4lteeigenschaften werden durch eine Kombination der Parameter Cloud Point (CP) und dem Cold Filter Plugging Point (CFPP) festgelegt. Der CP beschreibt den Punkt, an dem das Heiz\u00f6l k\u00e4ltebedingt Paraffinkristalle bildet und dadurch tr\u00fcb und wolkig wird.<\/span><\/p>\n<p><span style=\"color: #ffffff;\">Dies darf nach DIN fr\u00fchestens bei + 3\u00b0C beginnen. Die Eintr\u00fcbung sagt jedoch noch nichts \u00fcber die Verwendbarkeit aus. An diesem Punkt wird der CFPP zu Hilfe genommen, der beschreibt, ab welcher Minustemperatur das Heiz\u00f6l nicht mehr filterbar ist und die Filter durch das ausgefallene Paraffin verstopfen.<\/span>[\/vc_column_text][\/vc_column][vc_column width=&#8220;1\/2&#8243;][vc_column_text]<\/p>\n<p style=\"text-align: justify;\"><span style=\"font-size: 11pt; font-family: Verdana, sans-serif; color: #ffffff;\">Hier muss abh\u00e4ngig von dem CP mindestens eine Einsatzf\u00e4higkeit von -10\u00b0C gew\u00e4hrleistet werden. Additive wie das Produkt \u201eMinus\u201c verbessern die Filterbarkeit des Heiz\u00f6ls, so dass die Ware auch bei deutlich k\u00e4lteren Temperaturen einsatzf\u00e4hig ist. Der CP bzw. das Eintr\u00fcben der Fl\u00fcssigkeit wird hierdurch jedoch nicht vermindert. Das Winteradditiv muss bei einer Produkttemperatur von \u00fcber + 3\u00b0C beigemischt werden, da bereits auskristallisierte Paraffine nicht mehr durch das Additiv aufgel\u00f6st werden k\u00f6nnen<\/span><\/p>\n<p>[\/vc_column_text][\/vc_column][\/vc_row][\/vc_section][vc_section parallax=&#8220;content-moving&#8220; css=&#8220;.vc_custom_1566822454190{background-color: #ffffff !important;}&#8220;][vc_row][vc_column][vc_empty_space el_id=&#8220;premiumheizoel&#8220;]<div class=\"wpb_content_element \"><style type=\"text\/css\"><\/style><header id=\"ut_header_69d1b69026386\" class=\"section-header  ut-no-title-linebreak-mobile ut-no-lead-linebreak-mobile pt-style-2 header-left header-tablet-left header-mobile-center\"><h2 data-title=\"Premium Heiz\u00f6l\"  data-responsive-font=\"section_title\" class=\"section-title  \"><span>Premium Heiz\u00f6l<\/span><\/h2><\/header><\/div>[\/vc_column][\/vc_row][vc_row][vc_column width=&#8220;1\/2&#8243;][vc_column_text]Premiumheiz\u00f6l ist eine nochmals weiterentwickelte Stufe der Sorte <a href=\"https:\/\/www.heizoelpreise24.net\/heizoel-el-super\/\">Super<\/a>. Die wichtigsten Merkmale sind eine sehr effiziente und saubere Verbrennung, ein geringstm\u00f6glicher Verbrauch sowie ein verbesserter Geruch. Ob sich der Aufpreis von im Schnitt 1 Cent pro Liter gegen\u00fcber Super lohnt, ist jedoch umstritten.<\/p>\n<p><strong>Niedrigere Heizkosten<\/strong><\/p>\n<p>Eine erh\u00f6hte Betriebssicherheit, niedrigere Wartungskosten und ein deutlich verbesserter Wirkungsgrad Ihrer Heizungsanlage sorgen f\u00fcr deutlich geringere <a href=\"https:\/\/www.heizoelpreise24.net\/heizkosten\/\">Heizkosten<\/a>. Das innovative Additivpaket des Premiumheiz\u00f6ls sorgt daf\u00fcr, dass sich die Ru\u00dfentwicklung ihrer Heizung um bis zu 56 Prozent reduziert. Denn bereits eine nur zwei Millimeter dicke Ru\u00dfschicht l\u00e4sst den Verbrauch einer \u00d6lheizung um \u00fcber 8 Prozent steigen. Dazu kommen niedrigere Betriebs- und Wartungskosten und ein um bis zu 80 Prozent reduzierter CO2-Aussto\u00df.[\/vc_column_text][\/vc_column][vc_column width=&#8220;1\/2&#8243;][vc_column_text]<strong><img loading=\"lazy\" decoding=\"async\" class=\"size-full wp-image-87 alignright\" src=\"http:\/\/www.heizoel-sommer.de\/wp-content\/uploads\/2019\/08\/Logo.png\" alt=\"\" width=\"136\" height=\"134\" \/>L\u00e4ngere Lebensdauer der Heizung<\/strong><\/p>\n<p>\u00c4hnlich wie ein Premiumkraftstoff beim KFZ tr\u00e4gt auch die Heiz\u00f6lsorte Premium Ecotherm zum Werterhalt Ihrer Heizungsanlage bei. Es verbessert die Verbrennung, sch\u00fctzt gegen die Bildung von Alterungsprodukten (Sedimenten) im Tank, und bietet einen optimierten Korrosionsschutz f\u00fcr Pumpe, Tank und \u00d6lleitungen. Es sch\u00fctzt zudem auch Filter und D\u00fcsen bedeutend besser gegen Verunreinigung und Verstopfung. Durch den deutlich verbesserten thermodynamischen Wirkungsgrad Ihrer Heizungsanlage k\u00f6nnen Sie mehr W\u00e4rme pro Liter produzieren. Au\u00dferdem verbrennt Premium Ecotherm v\u00f6llig ru\u00dffrei.[\/vc_column_text][\/vc_column][\/vc_row][\/vc_section][vc_section bklyn_overlay=&#8220;true&#8220; parallax=&#8220;content-moving&#8220; css=&#8220;.vc_custom_1566891183331{background-image: url(http:\/\/www.heizoel-sommer.de\/wp-content\/uploads\/2019\/08\/environmental-protection-326923_1920.jpg?id=63) !important;}&#8220; bklyn_overlay_color=&#8220;rgba(0, 0, 0, 0.35)&#8220;][vc_row][vc_column][vc_empty_space el_id=&#8220;umweltschutz&#8220;]<div class=\"wpb_content_element \"><style type=\"text\/css\">#ut_header_69d1b69026e34 h2.section-title, #ut_header_69d1b69026e34 h2.section-title span { color:#ffffff; }#ut_header_69d1b69026e34.pt-style-2 .page-title span:after, #ut_header_69d1b69026e34.pt-style-2 .parallax-title span:after, #ut_header_69d1b69026e34.pt-style-2 .section-title span:after { background-color:#ffffff !important;}<\/style><header id=\"ut_header_69d1b69026e34\" class=\"section-header  ut-no-title-linebreak-mobile ut-no-lead-linebreak-mobile pt-style-2 header-left header-tablet-left header-mobile-center\"><h2 data-title=\"Beitrag zum Umweltschutz\"  data-responsive-font=\"section_title\" class=\"section-title  \"><span>Beitrag zum Umweltschutz<\/span><\/h2><\/header><\/div>[\/vc_column][\/vc_row][vc_row][vc_column width=&#8220;1\/2&#8243;][vc_column_text]<span style=\"color: #ffffff;\"><strong>Wann lohnt sich Premium-Heiz\u00f6l?<\/strong><\/span><\/p>\n<p><span style=\"color: #ffffff;\">Unser Premium Heiz\u00f6l ist vom T\u00dcV zertifiziert worden.<\/span><\/p>\n<p><span style=\"color: #ffffff;\">Ob sich der Kauf von Premiumheiz\u00f6l lohnt, h\u00e4ngt vom Alter der Heizanlage ab. Bei \u00e4lteren Brennern wird nachweislich die Ru\u00dfablagerung reduziert. Bei modernen \u00d6lheizungen ist der Vorteil gegen\u00fcber Super jedoch kaum sp\u00fcrbar. Im letzteren Fall lohnt sich der Aufpreis nur, wenn er wirklich sehr gering ist (maximal 1 Cent pro Liter gegen\u00fcber Super).<\/span>[\/vc_column_text][\/vc_column][vc_column width=&#8220;1\/2&#8243;][vc_column_text]<span style=\"color: #ffffff;\">Verbesserte Lagerstabilit\u00e4t von Premiumheiz\u00f6l ist ein gro\u00dfer Vorteil. Brennstoff mit dieser Eigenschaft ist besonders geeignet, wenn nach einer Heizungsmodernisierung ein effizientes \u00d6l-Brennwertger\u00e4t zum Einsatz kommt, das einen wesentlich geringeren Verbrauch hat als der ersetzte Heizkessel. Dadurch verl\u00e4ngert sich die Reichweite des Heiz\u00f6lvorrates erheblich, und das Heiz\u00f6l wird deutlich l\u00e4nger in der Tankanlage gelagert als zuvor.<\/span>[\/vc_column_text][\/vc_column][\/vc_row][\/vc_section]<\/p>\n<\/div>","protected":false},"excerpt":{"rendered":"<p>[vc_section][vc_row][vc_column width=&#8220;1\/3&#8243;][\/vc_column][vc_column width=&#8220;1\/3&#8243;][\/vc_column][vc_column width=&#8220;1\/3&#8243;][\/vc_column][\/vc_row][\/vc_section][vc_section css=&#8220;.vc_custom_1565011386133{border-top-width: 2px !important;border-bottom-width: 2px !important;border-top-color: #ffc300 !important;border-top-style: solid !important;border-bottom-color: #ffc300 !important;border-bottom-style: solid !important;}&#8220;][vc_row][vc_column][vc_empty_space el_id=&#8220;heizoelpartner&#8220;][vc_column_text] Unserer Firmenphilosophie, Heiz\u00f6l g\u00fcnstig und schnell in bew\u00e4hrter Markenqualit\u00e4t auszuliefern, sind wir uns immer treu geblieben. Wir liefern alle g\u00e4ngigen Heiz\u00f6l Qualit\u00e4ten in DIN Norm in Raum Kreis D\u00fcren, Aachen und Heinsberg aus. Kundenw\u00fcnsche wie Wunschliefertermine, flexible [&hellip;]<\/p>\n","protected":false},"author":1,"featured_media":0,"parent":0,"menu_order":0,"comment_status":"closed","ping_status":"closed","template":"","meta":{"footnotes":""},"class_list":["post-9","page","type-page","status-publish","hentry"],"_links":{"self":[{"href":"https:\/\/www.heizoel-sommer.de\/index.php\/wp-json\/wp\/v2\/pages\/9","targetHints":{"allow":["GET"]}}],"collection":[{"href":"https:\/\/www.heizoel-sommer.de\/index.php\/wp-json\/wp\/v2\/pages"}],"about":[{"href":"https:\/\/www.heizoel-sommer.de\/index.php\/wp-json\/wp\/v2\/types\/page"}],"author":[{"embeddable":true,"href":"https:\/\/www.heizoel-sommer.de\/index.php\/wp-json\/wp\/v2\/users\/1"}],"replies":[{"embeddable":true,"href":"https:\/\/www.heizoel-sommer.de\/index.php\/wp-json\/wp\/v2\/comments?post=9"}],"version-history":[{"count":53,"href":"https:\/\/www.heizoel-sommer.de\/index.php\/wp-json\/wp\/v2\/pages\/9\/revisions"}],"predecessor-version":[{"id":155,"href":"https:\/\/www.heizoel-sommer.de\/index.php\/wp-json\/wp\/v2\/pages\/9\/revisions\/155"}],"wp:attachment":[{"href":"https:\/\/www.heizoel-sommer.de\/index.php\/wp-json\/wp\/v2\/media?parent=9"}],"curies":[{"name":"wp","href":"https:\/\/api.w.org\/{rel}","templated":true}]}}