{"id":82,"date":"2019-08-27T07:54:55","date_gmt":"2019-08-27T07:54:55","guid":{"rendered":"http:\/\/www.heizoel-sommer.de\/?page_id=82"},"modified":"2020-03-01T11:10:26","modified_gmt":"2020-03-01T11:10:26","slug":"ueber-uns","status":"publish","type":"page","link":"https:\/\/www.heizoel-sommer.de\/index.php\/ueber-uns\/","title":{"rendered":"\u00dcber uns"},"content":{"rendered":"<div class=\"wpb-content-wrapper\"><p>[vc_section][vc_row][vc_column]<div class=\"wpb_content_element \"><style type=\"text\/css\"><\/style><header id=\"ut_header_69e78856dc34b\" class=\"section-header  ut-no-title-linebreak-mobile ut-no-lead-linebreak-mobile pt-style-2 header-left header-tablet-left header-mobile-center\"><h2 data-title=\"\u00dcber uns\"  data-responsive-font=\"section_title\" class=\"section-title  \"><span>\u00dcber uns<\/span><\/h2><\/header><\/div>[vc_column_text]<\/p>\n<p style=\"text-align: justify;\">Das Unternehmen Heiz\u00f6l Sommer ist seit mehr als 100 Jahren in der 3 Generation am Standort Aldenhoven ans\u00e4ssig.<\/p>\n<p style=\"text-align: justify;\">Es entwickelte sich aus einem Unternehmen welches zun\u00e4chst getrocknete Kuhfladen, sp\u00e4ter Kohleschl\u00e4mme und Briketts verkauft hat.<\/p>\n<p style=\"text-align: justify;\">In den 1970er Jahren fand der Wandel zum Heiz\u00f6l- und Diesellieferanten f\u00fcr den gesamten Kreis D\u00fcren, Aachen und Heinsberg statt.<\/p>\n<p style=\"text-align: justify;\">Der Anspruch von Guido Sommer besteht darin, den Kunden immer einen fairen Preis, bei sehr gutem Service, zu bieten.<\/p>\n<p style=\"text-align: justify;\">Dabei definiert er den Service in Zuverl\u00e4ssigkeit und Termintreue.<\/p>\n<p>[\/vc_column_text][\/vc_column][\/vc_row][\/vc_section]<\/p>\n<\/div>","protected":false},"excerpt":{"rendered":"<p>[vc_section][vc_row][vc_column][vc_column_text] Das Unternehmen Heiz\u00f6l Sommer ist seit mehr als 100 Jahren in der 3 Generation am Standort Aldenhoven ans\u00e4ssig. Es entwickelte sich aus einem Unternehmen welches zun\u00e4chst getrocknete Kuhfladen, sp\u00e4ter Kohleschl\u00e4mme und Briketts verkauft hat. In den 1970er Jahren fand der Wandel zum Heiz\u00f6l- und Diesellieferanten f\u00fcr den gesamten Kreis D\u00fcren, Aachen und Heinsberg statt. [&hellip;]<\/p>\n","protected":false},"author":1,"featured_media":0,"parent":0,"menu_order":0,"comment_status":"closed","ping_status":"closed","template":"","meta":{"footnotes":""},"class_list":["post-82","page","type-page","status-publish","hentry"],"_links":{"self":[{"href":"https:\/\/www.heizoel-sommer.de\/index.php\/wp-json\/wp\/v2\/pages\/82","targetHints":{"allow":["GET"]}}],"collection":[{"href":"https:\/\/www.heizoel-sommer.de\/index.php\/wp-json\/wp\/v2\/pages"}],"about":[{"href":"https:\/\/www.heizoel-sommer.de\/index.php\/wp-json\/wp\/v2\/types\/page"}],"author":[{"embeddable":true,"href":"https:\/\/www.heizoel-sommer.de\/index.php\/wp-json\/wp\/v2\/users\/1"}],"replies":[{"embeddable":true,"href":"https:\/\/www.heizoel-sommer.de\/index.php\/wp-json\/wp\/v2\/comments?post=82"}],"version-history":[{"count":5,"href":"https:\/\/www.heizoel-sommer.de\/index.php\/wp-json\/wp\/v2\/pages\/82\/revisions"}],"predecessor-version":[{"id":119,"href":"https:\/\/www.heizoel-sommer.de\/index.php\/wp-json\/wp\/v2\/pages\/82\/revisions\/119"}],"wp:attachment":[{"href":"https:\/\/www.heizoel-sommer.de\/index.php\/wp-json\/wp\/v2\/media?parent=82"}],"curies":[{"name":"wp","href":"https:\/\/api.w.org\/{rel}","templated":true}]}}