{"id":68,"date":"2019-08-27T07:36:16","date_gmt":"2019-08-27T07:36:16","guid":{"rendered":"http:\/\/www.heizoel-sommer.de\/?page_id=68"},"modified":"2020-03-01T10:59:28","modified_gmt":"2020-03-01T10:59:28","slug":"tankreinigung","status":"publish","type":"page","link":"https:\/\/www.heizoel-sommer.de\/index.php\/tankreinigung\/","title":{"rendered":"Tankreinigung"},"content":{"rendered":"<div class=\"wpb-content-wrapper\"><p>[vc_section][vc_row][vc_column]<div class=\"wpb_content_element \"><style type=\"text\/css\"><\/style><header id=\"ut_header_69e785b40a18c\" class=\"section-header  ut-no-title-linebreak-mobile ut-no-lead-linebreak-mobile pt-style-2 header-left header-tablet-left header-mobile-center\"><h2 data-title=\"Tankreinigung\"  data-responsive-font=\"section_title\" class=\"section-title  \"><span>Tankreinigung<\/span><\/h2><\/header><\/div>[vc_column_text]<\/p>\n<h2>Was beinhaltet Tankschutz?<\/h2>\n<p>Um den einwandfreien Zustand Ihres Tanks zu erhalten, ist es \u00e4u\u00dfert wichtig sich um den \u00d6l-Tankschutz zu k\u00fcmmern. Aus diesem Grund sollte der Tank regelm\u00e4\u00dfig gewartet werden. Zur Wartung eines \u00d6ltanks z\u00e4hlt nicht nur die regelm\u00e4\u00dfige Kontrolle auf Risse oder Korrosionssch\u00e4den. Heiz\u00f6l Sommer bietet Ihnen ein breites Spektrum an Leistungen zur Wartung Ihrer Tankanlage:<\/p>\n<ul>\n<li>Tankreinigung jeglicher Art von Erdtanks oder Kellertanks aus Stahlblech oder GFK<\/li>\n<li>Tanksp\u00fclung von Batterie-Tankanlagen aus Kunststoff oder Stahlblech<\/li>\n<li>Einbau und Instandsetzung von Grenzwertgebern<\/li>\n<li>Einbau von Messuhren und F\u00fcllstandsanzeigen, von manuell bis vollautomatisch<\/li>\n<li>Ankauf von brauchbarem Heiz\u00f6l<\/li>\n<\/ul>\n<p>Essenziell f\u00fcr eine lange Lebensdauer und die Betriebssicherheit Ihres Heiz\u00f6ltanks ist die <strong>Tankreinigung<\/strong><strong>.<\/strong><\/p>\n<p>&nbsp;<\/p>\n<h2>Warum ist eine \u00d6ltank-Reinigung n\u00f6tig?<\/h2>\n<p>In einem Heiz\u00f6ltank entstehen zwangsl\u00e4ufig Ablagerungen. Das sind Sedimente aus \u00d6lschaum und Kondenswasser. Diese setzen sich am Tankboden ab und m\u00fcssen regelm\u00e4\u00dfig entfernt werden. Findet langfristig keine Tankreinigung statt, kann es zu Rostbildung und Sch\u00e4digungen durch Innenkorrosion kommen.<\/p>\n<p>Zudem verstopfen Schlammpartikel den Filter und gelangen so teilweise in die Leitungswege zwischen Tank und Brenner. Das verhindert den einwandfreien Fluss des Heiz\u00f6ls und verursacht fatale St\u00f6rungen in der Heizungsanlage, die kostenintensiv behoben werden m\u00fcssen.<\/p>\n<p>Vor allem im gewerblichen Bereich, k\u00f6nnen defekte Tankanlagen zu erheblichen Problemen f\u00fchren. Neben Reparaturkosten k\u00f6nnen hohe Folgekosten oder gar Produktionsausf\u00e4lle entstehen.<\/p>\n<p>Eine regelm\u00e4\u00dfige Tank-Wartung verhindert solche St\u00f6rungen und erh\u00e4lt so die Betriebssicherheit und den Wert Ihrer Tankanlage. Wie oft der \u00d6ltank gereinigt werden muss, h\u00e4ngt vom Zustand der Anlage ab. In der Regel gilt:<\/p>\n<ul>\n<li>Stahltanks alle f\u00fcnf bis sieben Jahre<\/li>\n<li>Kunststofftanks alle sieben bis zehn Jahre<\/li>\n<\/ul>\n<p>Sollten Sie sich unsicher sein, ob Ihr \u00d6ltank eine Reinigung ben\u00f6tigt, nehmen Sie Kontakt zu uns auf.<\/p>\n<p>&nbsp;<\/p>\n<h2>So l\u00e4uft eine Tankreinigung ab<\/h2>\n<p>Der ideale Zeitpunkt f\u00fcr eine <strong>\u00d6ltankreinigung<\/strong> ist kurz vor der n\u00e4chsten \u00d6llieferung, da der Tank dann fast leer ist. W\u00fcnschen Sie trotz eines noch gut gef\u00fcllten Tanks eine Reinigung, muss zun\u00e4chst das saubere Rest-\u00d6l abgepumpt werden. Dieses wird in einem anderen \u00d6ltank oder mobilen \u00d6llaster zwischengelagert.<\/p>\n<p>Nach dem Abpumpen werden Verunreinigungen sowie der \u00d6lschlamm auf der Tanksohle r\u00fcckstandslos entfernt. Nat\u00fcrlich werden diese \u00dcberreste auch fachgerecht entsorgt. Nach der Tankreinigung erfolgt eine professionelle Sichtprobe, um eventuelle Korrosionssch\u00e4den und Risse zu identifizieren.<\/p>\n<p>Eine Tankreinigung kann ohne gr\u00f6\u00dfere L\u00e4rm- und Schmutzbel\u00e4stigung durchgef\u00fchrt werden. Der \u00d6lschlamm und andere R\u00fcckst\u00e4nde werden direkt in ein Spezialfahrzeug gepumpt.<\/p>\n<p>Eine Tankreinigung kann zu jeder Jahreszeit durchgef\u00fchrt werden. In den kalten Monaten sorgen wir daf\u00fcr, dass Ihre Heizung die komplette Tankreinigung \u00fcber einwandfrei weiterl\u00e4uft.[\/vc_column_text][\/vc_column][\/vc_row][\/vc_section]<\/p>\n<\/div>","protected":false},"excerpt":{"rendered":"<p>[vc_section][vc_row][vc_column][vc_column_text] Was beinhaltet Tankschutz? Um den einwandfreien Zustand Ihres Tanks zu erhalten, ist es \u00e4u\u00dfert wichtig sich um den \u00d6l-Tankschutz zu k\u00fcmmern. Aus diesem Grund sollte der Tank regelm\u00e4\u00dfig gewartet werden. Zur Wartung eines \u00d6ltanks z\u00e4hlt nicht nur die regelm\u00e4\u00dfige Kontrolle auf Risse oder Korrosionssch\u00e4den. Heiz\u00f6l Sommer bietet Ihnen ein breites Spektrum an Leistungen zur [&hellip;]<\/p>\n","protected":false},"author":1,"featured_media":0,"parent":0,"menu_order":0,"comment_status":"closed","ping_status":"closed","template":"","meta":{"footnotes":""},"class_list":["post-68","page","type-page","status-publish","hentry"],"_links":{"self":[{"href":"https:\/\/www.heizoel-sommer.de\/index.php\/wp-json\/wp\/v2\/pages\/68","targetHints":{"allow":["GET"]}}],"collection":[{"href":"https:\/\/www.heizoel-sommer.de\/index.php\/wp-json\/wp\/v2\/pages"}],"about":[{"href":"https:\/\/www.heizoel-sommer.de\/index.php\/wp-json\/wp\/v2\/types\/page"}],"author":[{"embeddable":true,"href":"https:\/\/www.heizoel-sommer.de\/index.php\/wp-json\/wp\/v2\/users\/1"}],"replies":[{"embeddable":true,"href":"https:\/\/www.heizoel-sommer.de\/index.php\/wp-json\/wp\/v2\/comments?post=68"}],"version-history":[{"count":7,"href":"https:\/\/www.heizoel-sommer.de\/index.php\/wp-json\/wp\/v2\/pages\/68\/revisions"}],"predecessor-version":[{"id":116,"href":"https:\/\/www.heizoel-sommer.de\/index.php\/wp-json\/wp\/v2\/pages\/68\/revisions\/116"}],"wp:attachment":[{"href":"https:\/\/www.heizoel-sommer.de\/index.php\/wp-json\/wp\/v2\/media?parent=68"}],"curies":[{"name":"wp","href":"https:\/\/api.w.org\/{rel}","templated":true}]}}