{"id":42,"date":"2019-08-07T09:01:10","date_gmt":"2019-08-07T09:01:10","guid":{"rendered":"http:\/\/www.heizoel-sommer.de\/?page_id=42"},"modified":"2019-08-07T09:01:54","modified_gmt":"2019-08-07T09:01:54","slug":"heizoel-notdienst","status":"publish","type":"page","link":"https:\/\/www.heizoel-sommer.de\/index.php\/heizoel-notdienst\/","title":{"rendered":"Heiz\u00f6l Notdienst"},"content":{"rendered":"<div class=\"wpb-content-wrapper\"><p>[vc_section][vc_row][vc_column][\/vc_column][\/vc_row][\/vc_section][vc_section][vc_row][vc_column]<div class=\"wpb_content_element \"><style type=\"text\/css\"><\/style><header id=\"ut_header_69f24dacd7f0d\" class=\"section-header  ut-no-title-linebreak-mobile ut-no-lead-linebreak-mobile pt-style-2 header-left header-tablet-left header-mobile-center\"><h2 data-title=\"Heiz\u00f6l Notdienst - bei uns muss keiner frieren!\"  data-responsive-font=\"section_title\" class=\"section-title  \"><span>Heiz\u00f6l Notdienst - bei uns muss keiner frieren!<\/span><\/h2><\/header><\/div>[vc_column_text]<\/p>\n<p style=\"text-align: justify;\"><span style=\"font-size: 11.0pt; font-family: 'Verdana','sans-serif';\">Unsere <strong><span style=\"font-family: 'Verdana','sans-serif';\">Heiz\u00f6l Hotline 02464-5344<\/span><\/strong> ist rund um die Uhr, nachts und an den Wochenenden auch f\u00fcr Notf\u00e4lle aktiv. Wir beliefern schnell und unkompliziert, damit unsere Kunden nicht frieren m\u00fcssen.<\/span><\/p>\n<p>365 Tage im Jahr, rund um die Uhr steht bei uns mindestens ein betanktes Notdienst Fahrzeug zur Auslieferung bereit. Binnen weniger Stunden nach Anruf sind wir bei Ihnen vor Ort und betanken den leergelaufenen Heiz\u00f6ltank. Unser Liefergebiet erstreckt sich \u00fcber das M\u00fcnchner S-Bahn Einzugsgebiet und noch dar\u00fcber hinaus.<\/p>\n<p>Ihr Heiz\u00f6l Sommer Team<\/p>\n<p>[\/vc_column_text][\/vc_column][\/vc_row][\/vc_section]<\/p>\n<\/div>","protected":false},"excerpt":{"rendered":"<p>[vc_section][vc_row][vc_column][\/vc_column][\/vc_row][\/vc_section][vc_section][vc_row][vc_column][vc_column_text] Unsere Heiz\u00f6l Hotline 02464-5344 ist rund um die Uhr, nachts und an den Wochenenden auch f\u00fcr Notf\u00e4lle aktiv. Wir beliefern schnell und unkompliziert, damit unsere Kunden nicht frieren m\u00fcssen. 365 Tage im Jahr, rund um die Uhr steht bei uns mindestens ein betanktes Notdienst Fahrzeug zur Auslieferung bereit. Binnen weniger Stunden nach Anruf sind [&hellip;]<\/p>\n","protected":false},"author":1,"featured_media":0,"parent":0,"menu_order":0,"comment_status":"closed","ping_status":"closed","template":"","meta":{"footnotes":""},"class_list":["post-42","page","type-page","status-publish","hentry"],"_links":{"self":[{"href":"https:\/\/www.heizoel-sommer.de\/index.php\/wp-json\/wp\/v2\/pages\/42","targetHints":{"allow":["GET"]}}],"collection":[{"href":"https:\/\/www.heizoel-sommer.de\/index.php\/wp-json\/wp\/v2\/pages"}],"about":[{"href":"https:\/\/www.heizoel-sommer.de\/index.php\/wp-json\/wp\/v2\/types\/page"}],"author":[{"embeddable":true,"href":"https:\/\/www.heizoel-sommer.de\/index.php\/wp-json\/wp\/v2\/users\/1"}],"replies":[{"embeddable":true,"href":"https:\/\/www.heizoel-sommer.de\/index.php\/wp-json\/wp\/v2\/comments?post=42"}],"version-history":[{"count":2,"href":"https:\/\/www.heizoel-sommer.de\/index.php\/wp-json\/wp\/v2\/pages\/42\/revisions"}],"predecessor-version":[{"id":44,"href":"https:\/\/www.heizoel-sommer.de\/index.php\/wp-json\/wp\/v2\/pages\/42\/revisions\/44"}],"wp:attachment":[{"href":"https:\/\/www.heizoel-sommer.de\/index.php\/wp-json\/wp\/v2\/media?parent=42"}],"curies":[{"name":"wp","href":"https:\/\/api.w.org\/{rel}","templated":true}]}}