{"id":29,"date":"2019-08-07T08:41:35","date_gmt":"2019-08-07T08:41:35","guid":{"rendered":"http:\/\/www.heizoel-sommer.de\/?page_id=29"},"modified":"2020-03-01T12:52:36","modified_gmt":"2020-03-01T12:52:36","slug":"leistungen","status":"publish","type":"page","link":"https:\/\/www.heizoel-sommer.de\/index.php\/leistungen\/","title":{"rendered":"Heiz\u00f6lbezug"},"content":{"rendered":"<div class=\"wpb-content-wrapper\"><p>[vc_section][vc_row][vc_column]<div class=\"wpb_content_element \"><style type=\"text\/css\"><\/style><header id=\"ut_header_69ea09412d4f1\" class=\"section-header  ut-no-title-linebreak-mobile ut-no-lead-linebreak-mobile pt-style-2 header-left header-tablet-left header-mobile-center\"><h2 data-title=\"Heiz\u00f6lbezug - so einfach wie Ihr Zeitungsabo\"  data-responsive-font=\"section_title\" class=\"section-title  \"><span>Heiz\u00f6lbezug - so einfach wie Ihr Zeitungsabo<\/span><\/h2><\/header><\/div>[vc_column_text]<\/p>\n<h2 style=\"text-align: justify;\"><span style=\"font-size: 11.0pt; font-family: 'Verdana','sans-serif';\">Sie ben\u00f6tigen Brennstoffe?<\/span><\/h2>\n<p style=\"text-align: justify;\"><span style=\"font-size: 11.0pt; font-family: 'Verdana','sans-serif';\">Ihr Heiz\u00f6lhandel, Guido Sommer, liefert schnell und unkompliziert.<\/span><\/p>\n<p style=\"text-align: justify;\"><span style=\"font-size: 11.0pt; font-family: 'Verdana','sans-serif';\">Wir liefern zu Ihnen nach Hause, in Ihrem Betrieb oder Ihr Mietobjekt, dabei realisieren wir stets g\u00fcnstige Preise und setzten auf exzellenten Service sowie pers\u00f6nliche Betreuung und Beratung beim Brennstoffkauf.<\/span><\/p>\n<p>[\/vc_column_text][\/vc_column][\/vc_row][vc_row][vc_column][vc_empty_space el_id=&#8220;waermekonto&#8220;]<div class=\"wpb_content_element \"><style type=\"text\/css\"><\/style><header id=\"ut_header_69ea0941371c6\" class=\"section-header  ut-no-title-linebreak-mobile ut-no-lead-linebreak-mobile pt-style-2 header-left header-tablet-left header-mobile-center\"><h2 data-title=\"W\u00e4rmekonto\"  data-responsive-font=\"section_title\" class=\"section-title  \"><span>W\u00e4rmekonto<\/span><\/h2><\/header><\/div>[vc_column_text]<\/p>\n<p style=\"text-align: justify;\"><span style=\"font-size: 11.0pt; font-family: 'Verdana','sans-serif';\">Keinen Engpass mehr auf Ihrem Konto wegen einer Heiz\u00f6lrechnung. Und das funktioniert ganz einfach: Bei Ihrer n\u00e4chsten Heiz\u00f6llieferung bekommen Sie wie gewohnt eine Rechnung, bezahlen aber nur die H\u00e4lfte sofort. Danach werden monatlich 1\/12 der Gesamtsumme f\u00e4llig.<\/span><\/p>\n<p style=\"text-align: justify;\"><span style=\"font-size: 11.0pt; font-family: 'Verdana','sans-serif';\">Beispiel: Rechnung der Heiz\u00f6llieferung von 3000 Liter betr\u00e4gt ca. 1.800,00 \u20ac. Davon bezahlen Sie die H\u00e4lfte, also 900,00 \u20ac, sofort. Danach jeden Monat 1\/12 = 150,00 \u20ac<\/span><\/p>\n<p style=\"text-align: justify;\"><span style=\"font-size: 11.0pt; font-family: 'Verdana','sans-serif';\">Nach 6 Monaten ist die Rechnung voll ausgeglichen. Sie bezahlen aber die Raten regelm\u00e4\u00dfig weiter und sparen sich so ein Guthaben auf Ihrem Heiz\u00f6lkonto bei uns an. Mit diesem Guthaben ist dann ein Teil der n\u00e4chsten Rechnung bereits bezahlt. Das f\u00fchren Sie fort, solange Sie wollen. Bestellen k\u00f6nnen Sie wie gewohnt, wann Sie m\u00f6chten.<\/span><\/p>\n<p><span style=\"font-size: 11.0pt; font-family: 'Verdana','sans-serif';\">Vorteile des Heiz\u00f6lkontos \/ W\u00e4rme-Abo:<\/span>[\/vc_column_text][vc_row_inner][vc_column_inner width=&#8220;1\/2&#8243;]<div class=\"wpb_content_element \"><style class=\"bklyn-inline-styles\" type=\"text\/css\">#ut_fl_69ea09413d3a2291662707.bklyn-fancy-list { font-size: 14px !important; }#ut_fl_69ea09413d3a2291662707.bklyn-fancy-list { line-height: 28px !important; }#ut_fl_69ea09413d3a2291662707 .fa { color: #495056; }#ut_fl_69ea09413d3a2291662707 a .fa { color: #495056; }#ut_fl_69ea09413d3a2291662707 a:visited .fa { color: #495056; }<\/style><div id=\"ut_fl_69ea09413d3a2291662707\" class=\"bklyn-fancy-list  bklyn-fancy-list-left bklyn-fancy-list-tablet-left bklyn-fancy-list-mobile-center\"><ul class=\"bklyn-list bklyn-list-style-none\" data-appear-top-offset=\"almost\"><li class=\"bklyn-list-item-space-xsmall bklyn-fancy-list-item-has-icon bklyn-fancy-list-item-has-icon-center\"><i class=\"fa fa-check\"><\/i><div class=\"bklyn-fancy-list-content\"><span>keine hohe Einmal-Belastung<\/span><\/div><\/li><li class=\"bklyn-list-item-space-xsmall bklyn-fancy-list-item-has-icon bklyn-fancy-list-item-has-icon-center\"><i class=\"fa fa-check\"><\/i><div class=\"bklyn-fancy-list-content\"><span>keine Zinsen<\/span><\/div><\/li><li class=\"bklyn-list-item-space-xsmall bklyn-fancy-list-item-has-icon bklyn-fancy-list-item-has-icon-center\"><i class=\"fa fa-check\"><\/i><div class=\"bklyn-fancy-list-content\"><span>keine Geb\u00fchren<\/span><\/div><\/li><\/ul><\/div><\/div>[\/vc_column_inner][vc_column_inner width=&#8220;1\/2&#8243;]<div class=\"wpb_content_element \"><style class=\"bklyn-inline-styles\" type=\"text\/css\">#ut_fl_69ea094140d3a833670016.bklyn-fancy-list { font-size: 14px !important; }#ut_fl_69ea094140d3a833670016.bklyn-fancy-list { line-height: 28px !important; }#ut_fl_69ea094140d3a833670016 .fa { color: #495056; }#ut_fl_69ea094140d3a833670016 a .fa { color: #495056; }#ut_fl_69ea094140d3a833670016 a:visited .fa { color: #495056; }<\/style><div id=\"ut_fl_69ea094140d3a833670016\" class=\"bklyn-fancy-list  bklyn-fancy-list-left bklyn-fancy-list-tablet-left bklyn-fancy-list-mobile-center\"><ul class=\"bklyn-list bklyn-list-style-none\" data-appear-top-offset=\"almost\"><li class=\"bklyn-list-item-space-xsmall bklyn-fancy-list-item-has-icon bklyn-fancy-list-item-has-icon-center\"><i class=\"fa fa-check\"><\/i><div class=\"bklyn-fancy-list-content\"><span>bequeme Zahlungsweise<\/span><\/div><\/li><li class=\"bklyn-list-item-space-xsmall bklyn-fancy-list-item-has-icon bklyn-fancy-list-item-has-icon-center\"><i class=\"fa fa-check\"><\/i><div class=\"bklyn-fancy-list-content\"><span>gut kalkulierbare Monatsbetr\u00e4ge<\/span><\/div><\/li><li class=\"bklyn-list-item-space-xsmall bklyn-fancy-list-item-has-icon bklyn-fancy-list-item-has-icon-center\"><i class=\"fa fa-check\"><\/i><div class=\"bklyn-fancy-list-content\"><span>gut kalkulierbare Monatsbetr\u00e4ge<\/span><\/div><\/li><\/ul><\/div><\/div>[\/vc_column_inner][\/vc_row_inner][\/vc_column][\/vc_row][vc_row][vc_column][vc_empty_space el_id=&#8220;ratenkauf&#8220;]<div class=\"wpb_content_element \"><style type=\"text\/css\"><\/style><header id=\"ut_header_69ea0941410fd\" class=\"section-header  ut-no-title-linebreak-mobile ut-no-lead-linebreak-mobile pt-style-2 header-left header-tablet-left header-mobile-center\"><h2 data-title=\"Ratenkauf\"  data-responsive-font=\"section_title\" class=\"section-title  \"><span>Ratenkauf<\/span><\/h2><\/header><\/div>[vc_column_text]Wenn es einmal finanziell eng ist. Vereinbaren Sie individuell Ihre Zahlungsmodalit\u00e4ten mit Herr Sommer.[\/vc_column_text][\/vc_column][\/vc_row][\/vc_section]<\/p>\n<\/div>","protected":false},"excerpt":{"rendered":"<p>[vc_section][vc_row][vc_column][vc_column_text] Sie ben\u00f6tigen Brennstoffe? Ihr Heiz\u00f6lhandel, Guido Sommer, liefert schnell und unkompliziert. Wir liefern zu Ihnen nach Hause, in Ihrem Betrieb oder Ihr Mietobjekt, dabei realisieren wir stets g\u00fcnstige Preise und setzten auf exzellenten Service sowie pers\u00f6nliche Betreuung und Beratung beim Brennstoffkauf. [\/vc_column_text][\/vc_column][\/vc_row][vc_row][vc_column][vc_empty_space el_id=&#8220;waermekonto&#8220;][vc_column_text] Keinen Engpass mehr auf Ihrem Konto wegen einer Heiz\u00f6lrechnung. Und das [&hellip;]<\/p>\n","protected":false},"author":1,"featured_media":0,"parent":0,"menu_order":0,"comment_status":"closed","ping_status":"closed","template":"","meta":{"footnotes":""},"class_list":["post-29","page","type-page","status-publish","hentry"],"_links":{"self":[{"href":"https:\/\/www.heizoel-sommer.de\/index.php\/wp-json\/wp\/v2\/pages\/29","targetHints":{"allow":["GET"]}}],"collection":[{"href":"https:\/\/www.heizoel-sommer.de\/index.php\/wp-json\/wp\/v2\/pages"}],"about":[{"href":"https:\/\/www.heizoel-sommer.de\/index.php\/wp-json\/wp\/v2\/types\/page"}],"author":[{"embeddable":true,"href":"https:\/\/www.heizoel-sommer.de\/index.php\/wp-json\/wp\/v2\/users\/1"}],"replies":[{"embeddable":true,"href":"https:\/\/www.heizoel-sommer.de\/index.php\/wp-json\/wp\/v2\/comments?post=29"}],"version-history":[{"count":15,"href":"https:\/\/www.heizoel-sommer.de\/index.php\/wp-json\/wp\/v2\/pages\/29\/revisions"}],"predecessor-version":[{"id":169,"href":"https:\/\/www.heizoel-sommer.de\/index.php\/wp-json\/wp\/v2\/pages\/29\/revisions\/169"}],"wp:attachment":[{"href":"https:\/\/www.heizoel-sommer.de\/index.php\/wp-json\/wp\/v2\/media?parent=29"}],"curies":[{"name":"wp","href":"https:\/\/api.w.org\/{rel}","templated":true}]}}