{"id":104,"date":"2020-03-01T10:35:40","date_gmt":"2020-03-01T10:35:40","guid":{"rendered":"http:\/\/www.heizoel-sommer.de\/?page_id=104"},"modified":"2020-03-01T10:35:40","modified_gmt":"2020-03-01T10:35:40","slug":"diesel","status":"publish","type":"page","link":"https:\/\/www.heizoel-sommer.de\/index.php\/diesel\/","title":{"rendered":"Diesel"},"content":{"rendered":"<div class=\"wpb-content-wrapper\"><p>[vc_section][vc_row][vc_column]<div class=\"wpb_content_element \"><style type=\"text\/css\"><\/style><header id=\"ut_header_69e9f4c37d60a\" class=\"section-header  ut-no-title-linebreak-mobile ut-no-lead-linebreak-mobile pt-style-2 header-left header-tablet-left header-mobile-center\"><h2 data-title=\"Diesel\"  data-responsive-font=\"section_title\" class=\"section-title  \"><span>Diesel<\/span><\/h2><\/header><\/div>[vc_column_text]<\/p>\n<p style=\"text-align: justify;\">In den unterschiedlichsten Bereichen egal ob Landwirtschaft, Industrie, Speditionen oder Baustellen wird Diesel in nahezu allen Wirtschaftszweigen ben\u00f6tigt.<\/p>\n<p style=\"text-align: justify;\">Wir liefern Dieselkraftstoff nach DIN EN 590 mit einem Schwefelgehalt von max. 10 mg\/kg.<\/p>\n<p style=\"text-align: justify;\">Wir f\u00fchren abh\u00e4ngig von der Jahreszeit Dieselkraftstoffe mit verschiedene K\u00e4lteeigenschafften.<\/p>\n<p><strong><u>K\u00e4ltefestigkeit nach EN 590:<\/u><\/strong><u><\/u><\/p>\n<p>\u2022 Sommerdiesel: 15.04. &#8211; 30.09. bis 0 \u00b0C<br \/>\n\u2022 \u00dcbergangsdiesel: 01.10. &#8211; 15.11. + 01.03. &#8211; 14.04. bis -10 \u00b0C<br \/>\n\u2022 Winterdiesel: 16.11. &#8211; 28.02. bis &#8211; 20 \u00b0C[\/vc_column_text][\/vc_column][\/vc_row][\/vc_section]<\/p>\n<\/div>","protected":false},"excerpt":{"rendered":"<p>[vc_section][vc_row][vc_column][vc_column_text] In den unterschiedlichsten Bereichen egal ob Landwirtschaft, Industrie, Speditionen oder Baustellen wird Diesel in nahezu allen Wirtschaftszweigen ben\u00f6tigt. Wir liefern Dieselkraftstoff nach DIN EN 590 mit einem Schwefelgehalt von max. 10 mg\/kg. Wir f\u00fchren abh\u00e4ngig von der Jahreszeit Dieselkraftstoffe mit verschiedene K\u00e4lteeigenschafften. K\u00e4ltefestigkeit nach EN 590: \u2022 Sommerdiesel: 15.04. &#8211; 30.09. bis 0 \u00b0C [&hellip;]<\/p>\n","protected":false},"author":2,"featured_media":0,"parent":0,"menu_order":0,"comment_status":"closed","ping_status":"closed","template":"","meta":{"footnotes":""},"class_list":["post-104","page","type-page","status-publish","hentry"],"_links":{"self":[{"href":"https:\/\/www.heizoel-sommer.de\/index.php\/wp-json\/wp\/v2\/pages\/104","targetHints":{"allow":["GET"]}}],"collection":[{"href":"https:\/\/www.heizoel-sommer.de\/index.php\/wp-json\/wp\/v2\/pages"}],"about":[{"href":"https:\/\/www.heizoel-sommer.de\/index.php\/wp-json\/wp\/v2\/types\/page"}],"author":[{"embeddable":true,"href":"https:\/\/www.heizoel-sommer.de\/index.php\/wp-json\/wp\/v2\/users\/2"}],"replies":[{"embeddable":true,"href":"https:\/\/www.heizoel-sommer.de\/index.php\/wp-json\/wp\/v2\/comments?post=104"}],"version-history":[{"count":4,"href":"https:\/\/www.heizoel-sommer.de\/index.php\/wp-json\/wp\/v2\/pages\/104\/revisions"}],"predecessor-version":[{"id":108,"href":"https:\/\/www.heizoel-sommer.de\/index.php\/wp-json\/wp\/v2\/pages\/104\/revisions\/108"}],"wp:attachment":[{"href":"https:\/\/www.heizoel-sommer.de\/index.php\/wp-json\/wp\/v2\/media?parent=104"}],"curies":[{"name":"wp","href":"https:\/\/api.w.org\/{rel}","templated":true}]}}